{"id":164,"date":"2025-10-20T16:16:29","date_gmt":"2025-10-20T16:16:29","guid":{"rendered":"https:\/\/matelasdoolee.com\/?page_id=164"},"modified":"2025-11-07T19:04:32","modified_gmt":"2025-11-07T19:04:32","slug":"notre-histoire","status":"publish","type":"page","link":"https:\/\/matelasdoolee.com\/en\/notre-histoire\/","title":{"rendered":"OUR HISTORY"},"content":{"rendered":"<div data-elementor-type=\"wp-page\" data-elementor-id=\"164\" class=\"elementor elementor-164\">\n\t\t\t\t<div class=\"elementor-element elementor-element-71558a84 e-con-full e-flex e-con e-parent\" data-id=\"71558a84\" data-element_type=\"container\" data-settings=\"{&quot;background_background&quot;:&quot;classic&quot;,&quot;jet_parallax_layout_list&quot;:[]}\">\n\t\t<div class=\"elementor-element elementor-element-76eb2f0e e-con-full e-flex e-con e-child\" data-id=\"76eb2f0e\" data-element_type=\"container\" data-settings=\"{&quot;jet_parallax_layout_list&quot;:[]}\">\n\t\t\t\t<div class=\"elementor-element elementor-element-2c160b5b elementor-widget elementor-widget-heading\" data-id=\"2c160b5b\" data-element_type=\"widget\" data-widget_type=\"heading.default\">\n\t\t\t\t\t<h3 class=\"elementor-heading-title elementor-size-default\">OUR HISTORY<\/h3>\t\t\t\t<\/div>\n\t\t\t\t<\/div>\n\t\t\t\t<\/div>\n\t\t<div class=\"elementor-element elementor-element-8724fe1 e-flex e-con-boxed e-con e-parent\" data-id=\"8724fe1\" data-element_type=\"container\" data-settings=\"{&quot;jet_parallax_layout_list&quot;:[]}\">\n\t\t\t\t\t<div class=\"e-con-inner\">\n\t\t<div class=\"elementor-element elementor-element-abb8402 e-con-full e-flex e-con e-child\" data-id=\"abb8402\" data-element_type=\"container\" data-settings=\"{&quot;jet_parallax_layout_list&quot;:[]}\">\n\t\t\t\t<div class=\"elementor-element elementor-element-c8b83c9 elementor-widget elementor-widget-text-editor\" data-id=\"c8b83c9\" data-element_type=\"widget\" data-widget_type=\"text-editor.default\">\n\t\t\t\t\t\t\t\t\t<p>Sipaco, a family business founded in 2004 by Wael\n Ghandour, created the brand Doolee, dedicated to\n mattresses designed by Guineans for Guineans.<\/p>\t\t\t\t\t\t\t\t<\/div>\n\t\t\t\t<\/div>\n\t\t<div class=\"elementor-element elementor-element-6c9a6e8 e-con-full e-flex e-con e-child\" data-id=\"6c9a6e8\" data-element_type=\"container\" data-settings=\"{&quot;jet_parallax_layout_list&quot;:[]}\">\n\t\t\t\t<div class=\"elementor-element elementor-element-8c3e3c4 elementor-widget elementor-widget-image\" data-id=\"8c3e3c4\" data-element_type=\"widget\" data-widget_type=\"image.default\">\n\t\t\t\t\t\t\t\t\t\t\t\t\t\t\t<img fetchpriority=\"high\" decoding=\"async\" width=\"1024\" height=\"1024\" src=\"https:\/\/matelasdoolee.com\/wp-content\/uploads\/2025\/10\/1080x1080-our-story-1024x1024.jpg\" class=\"attachment-large size-large wp-image-177\" alt=\"\" srcset=\"https:\/\/matelasdoolee.com\/wp-content\/uploads\/2025\/10\/1080x1080-our-story-1024x1024.jpg 1024w, https:\/\/matelasdoolee.com\/wp-content\/uploads\/2025\/10\/1080x1080-our-story-300x300.jpg 300w, https:\/\/matelasdoolee.com\/wp-content\/uploads\/2025\/10\/1080x1080-our-story-150x150.jpg 150w, https:\/\/matelasdoolee.com\/wp-content\/uploads\/2025\/10\/1080x1080-our-story-768x768.jpg 768w, https:\/\/matelasdoolee.com\/wp-content\/uploads\/2025\/10\/1080x1080-our-story.jpg 1080w\" sizes=\"(max-width: 1024px) 100vw, 1024px\" \/>\t\t\t\t\t\t\t\t\t\t\t\t\t\t\t<\/div>\n\t\t\t\t<\/div>\n\t\t\t\t\t<\/div>\n\t\t\t\t<\/div>\n\t\t<div class=\"elementor-element elementor-element-a9446b2 e-flex e-con-boxed e-con e-parent\" data-id=\"a9446b2\" data-element_type=\"container\" data-settings=\"{&quot;jet_parallax_layout_list&quot;:[]}\">\n\t\t\t\t\t<div class=\"e-con-inner\">\n\t\t<div class=\"elementor-element elementor-element-ccf11c0 e-con-full e-flex e-con e-child\" data-id=\"ccf11c0\" data-element_type=\"container\" data-settings=\"{&quot;jet_parallax_layout_list&quot;:[]}\">\n\t\t\t\t<div class=\"elementor-element elementor-element-df098eb elementor-widget elementor-widget-image\" data-id=\"df098eb\" data-element_type=\"widget\" data-widget_type=\"image.default\">\n\t\t\t\t\t\t\t\t\t\t\t\t\t\t\t<img decoding=\"async\" width=\"1024\" height=\"512\" src=\"https:\/\/matelasdoolee.com\/wp-content\/uploads\/2025\/10\/300x600-5-1024x512.jpg\" class=\"attachment-large size-large wp-image-180\" alt=\"\" srcset=\"https:\/\/matelasdoolee.com\/wp-content\/uploads\/2025\/10\/300x600-5-1024x512.jpg 1024w, https:\/\/matelasdoolee.com\/wp-content\/uploads\/2025\/10\/300x600-5-300x150.jpg 300w, https:\/\/matelasdoolee.com\/wp-content\/uploads\/2025\/10\/300x600-5-768x384.jpg 768w, https:\/\/matelasdoolee.com\/wp-content\/uploads\/2025\/10\/300x600-5-1536x768.jpg 1536w, https:\/\/matelasdoolee.com\/wp-content\/uploads\/2025\/10\/300x600-5-2048x1024.jpg 2048w\" sizes=\"(max-width: 1024px) 100vw, 1024px\" \/>\t\t\t\t\t\t\t\t\t\t\t\t\t\t\t<\/div>\n\t\t\t\t<\/div>\n\t\t<div class=\"elementor-element elementor-element-601bff3 e-con-full e-flex e-con e-child\" data-id=\"601bff3\" data-element_type=\"container\" data-settings=\"{&quot;jet_parallax_layout_list&quot;:[]}\">\n\t\t\t\t<div class=\"elementor-element elementor-element-e753426 elementor-widget elementor-widget-text-editor\" data-id=\"e753426\" data-element_type=\"widget\" data-widget_type=\"text-editor.default\">\n\t\t\t\t\t\t\t\t\t<article class=\"text-token-text-primary w-full focus:outline-none [--shadow-height:45px] has-data-writing-block:pointer-events-none has-data-writing-block:-mt-(--shadow-height) has-data-writing-block:pt-(--shadow-height) [&amp;:has([data-writing-block])&gt;*]:pointer-events-auto scroll-mt-[calc(var(--header-height)+min(200px,max(70px,20svh)))]\" dir=\"auto\" tabindex=\"-1\" data-turn-id=\"request-WEB:9738193b-5337-4e08-b23e-829614cb0d04-25\" data-testid=\"conversation-turn-50\" data-scroll-anchor=\"true\" data-turn=\"assistant\"><div class=\"text-base my-auto mx-auto pb-10 [--thread-content-margin:--spacing(4)] thread-sm:[--thread-content-margin:--spacing(6)] thread-lg:[--thread-content-margin:--spacing(16)] px-(--thread-content-margin)\"><div class=\"[--thread-content-max-width:40rem] thread-lg:[--thread-content-max-width:48rem] mx-auto max-w-(--thread-content-max-width) flex-1 group\/turn-messages focus-visible:outline-hidden relative flex w-full min-w-0 flex-col agent-turn\" tabindex=\"-1\"><div class=\"flex max-w-full flex-col grow\"><div class=\"min-h-8 text-message relative flex w-full flex-col items-end gap-2 text-start break-words whitespace-normal [.text-message+&amp;]:mt-1\" dir=\"auto\" data-message-author-role=\"assistant\" data-message-id=\"de45ed08-678f-41cd-ae77-68b0d013f042\" data-message-model-slug=\"gpt-5\"><div class=\"flex w-full flex-col gap-1 empty:hidden first:pt-[1px]\"><div class=\"markdown prose dark:prose-invert w-full break-words dark markdown-new-styling\"><p data-start=\"0\" data-end=\"264\" data-is-last-node=\"\" data-is-only-node=\"\" class=\"translation-block\">SIPACO S.A.R.L. is an industrial company with a capital of 500 million GNF. Its main activity is the production of mattresses, foam, springs, and orthopedic (medical) models, as well as the marketing of products under the Doolee brand.<\/p><\/div><\/div><\/div><\/div><\/div><\/div><\/article>\t\t\t\t\t\t\t\t<\/div>\n\t\t\t\t<\/div>\n\t\t\t\t\t<\/div>\n\t\t\t\t<\/div>\n\t\t<div class=\"elementor-element elementor-element-3822e1a e-flex e-con-boxed e-con e-parent\" data-id=\"3822e1a\" data-element_type=\"container\" data-settings=\"{&quot;jet_parallax_layout_list&quot;:[]}\">\n\t\t\t\t\t<div class=\"e-con-inner\">\n\t\t<div class=\"elementor-element elementor-element-3e5248f e-con-full e-flex e-con e-child\" data-id=\"3e5248f\" data-element_type=\"container\" data-settings=\"{&quot;jet_parallax_layout_list&quot;:[]}\">\n\t\t\t\t<div class=\"elementor-element elementor-element-3b7e3a7 elementor-widget elementor-widget-text-editor\" data-id=\"3b7e3a7\" data-element_type=\"widget\" data-widget_type=\"text-editor.default\">\n\t\t\t\t\t\t\t\t\t<p data-start=\"48\" data-end=\"188\">We are today more aware than ever that a company cannot be content with performing well only on an economic level. It must also be responsible, committed, and attentive to its impact on both the environment and the community.<\/p>\t\t\t\t\t\t\t\t<\/div>\n\t\t\t\t<\/div>\n\t\t<div class=\"elementor-element elementor-element-42d4dc8 e-con-full e-flex e-con e-child\" data-id=\"42d4dc8\" data-element_type=\"container\" data-settings=\"{&quot;jet_parallax_layout_list&quot;:[]}\">\n\t\t\t\t<div class=\"elementor-element elementor-element-eb2cf12 elementor-widget elementor-widget-image\" data-id=\"eb2cf12\" data-element_type=\"widget\" data-widget_type=\"image.default\">\n\t\t\t\t\t\t\t\t\t\t\t\t\t\t\t<img decoding=\"async\" width=\"1024\" height=\"512\" src=\"https:\/\/matelasdoolee.com\/wp-content\/uploads\/2025\/10\/300x600-1-1024x512.jpg\" class=\"attachment-large size-large wp-image-181\" alt=\"\" srcset=\"https:\/\/matelasdoolee.com\/wp-content\/uploads\/2025\/10\/300x600-1-1024x512.jpg 1024w, https:\/\/matelasdoolee.com\/wp-content\/uploads\/2025\/10\/300x600-1-300x150.jpg 300w, https:\/\/matelasdoolee.com\/wp-content\/uploads\/2025\/10\/300x600-1-768x384.jpg 768w, https:\/\/matelasdoolee.com\/wp-content\/uploads\/2025\/10\/300x600-1-1536x768.jpg 1536w, https:\/\/matelasdoolee.com\/wp-content\/uploads\/2025\/10\/300x600-1-2048x1024.jpg 2048w\" sizes=\"(max-width: 1024px) 100vw, 1024px\" \/>\t\t\t\t\t\t\t\t\t\t\t\t\t\t\t<\/div>\n\t\t\t\t<\/div>\n\t\t\t\t\t<\/div>\n\t\t\t\t<\/div>\n\t\t<div class=\"elementor-element elementor-element-4bdd68b e-flex e-con-boxed e-con e-parent\" data-id=\"4bdd68b\" data-element_type=\"container\" data-settings=\"{&quot;jet_parallax_layout_list&quot;:[]}\">\n\t\t\t\t\t<div class=\"e-con-inner\">\n\t\t<div class=\"elementor-element elementor-element-c58fa83 e-con-full e-flex e-con e-child\" data-id=\"c58fa83\" data-element_type=\"container\" data-settings=\"{&quot;jet_parallax_layout_list&quot;:[]}\">\n\t\t\t\t<div class=\"elementor-element elementor-element-e86bc2c elementor-widget elementor-widget-image\" data-id=\"e86bc2c\" data-element_type=\"widget\" data-widget_type=\"image.default\">\n\t\t\t\t\t\t\t\t\t\t\t\t\t\t\t<img loading=\"lazy\" decoding=\"async\" width=\"1024\" height=\"512\" src=\"https:\/\/matelasdoolee.com\/wp-content\/uploads\/2025\/10\/300x600-2-1024x512.jpg\" class=\"attachment-large size-large wp-image-182\" alt=\"\" srcset=\"https:\/\/matelasdoolee.com\/wp-content\/uploads\/2025\/10\/300x600-2-1024x512.jpg 1024w, https:\/\/matelasdoolee.com\/wp-content\/uploads\/2025\/10\/300x600-2-300x150.jpg 300w, https:\/\/matelasdoolee.com\/wp-content\/uploads\/2025\/10\/300x600-2-768x384.jpg 768w, https:\/\/matelasdoolee.com\/wp-content\/uploads\/2025\/10\/300x600-2-1536x768.jpg 1536w, https:\/\/matelasdoolee.com\/wp-content\/uploads\/2025\/10\/300x600-2-2048x1024.jpg 2048w\" sizes=\"(max-width: 1024px) 100vw, 1024px\" \/>\t\t\t\t\t\t\t\t\t\t\t\t\t\t\t<\/div>\n\t\t\t\t<\/div>\n\t\t<div class=\"elementor-element elementor-element-f25a787 e-con-full e-flex e-con e-child\" data-id=\"f25a787\" data-element_type=\"container\" data-settings=\"{&quot;jet_parallax_layout_list&quot;:[]}\">\n\t\t\t\t<div class=\"elementor-element elementor-element-12be9ea elementor-widget elementor-widget-text-editor\" data-id=\"12be9ea\" data-element_type=\"widget\" data-widget_type=\"text-editor.default\">\n\t\t\t\t\t\t\t\t\t<p>A conscious company creates lasting value, inspires its employees, builds customer loyalty, and attracts partners who share the same values. It does not seek only to grow, but to contribute \u2014 and it is this awareness that, in the long run, becomes its greatest competitive advantage.<\/p>\t\t\t\t\t\t\t\t<\/div>\n\t\t\t\t<\/div>\n\t\t\t\t\t<\/div>\n\t\t\t\t<\/div>\n\t\t<div class=\"elementor-element elementor-element-37122e0 e-flex e-con-boxed e-con e-parent\" data-id=\"37122e0\" data-element_type=\"container\" data-settings=\"{&quot;jet_parallax_layout_list&quot;:[]}\">\n\t\t\t\t\t<div class=\"e-con-inner\">\n\t\t<div class=\"elementor-element elementor-element-696d21b e-con-full e-flex e-con e-child\" data-id=\"696d21b\" data-element_type=\"container\" data-settings=\"{&quot;jet_parallax_layout_list&quot;:[]}\">\n\t\t\t\t<div class=\"elementor-element elementor-element-7cff804 elementor-widget elementor-widget-text-editor\" data-id=\"7cff804\" data-element_type=\"widget\" data-widget_type=\"text-editor.default\">\n\t\t\t\t\t\t\t\t\t<p data-start=\"48\" data-end=\"188\">The challenges were enormous, but thanks to the resilience of our team, our commitment, and a clear vision, we have become the leaders in this market. Every corner of our factory reflects years of hard work, innovation, and passion.<\/p>\t\t\t\t\t\t\t\t<\/div>\n\t\t\t\t<\/div>\n\t\t<div class=\"elementor-element elementor-element-587d249 e-con-full e-flex e-con e-child\" data-id=\"587d249\" data-element_type=\"container\" data-settings=\"{&quot;jet_parallax_layout_list&quot;:[]}\">\n\t\t\t\t<div class=\"elementor-element elementor-element-ae501f1 elementor-widget elementor-widget-image\" data-id=\"ae501f1\" data-element_type=\"widget\" data-widget_type=\"image.default\">\n\t\t\t\t\t\t\t\t\t\t\t\t\t\t\t<img loading=\"lazy\" decoding=\"async\" width=\"1024\" height=\"512\" src=\"https:\/\/matelasdoolee.com\/wp-content\/uploads\/2025\/11\/600x300-1024x512.jpg\" class=\"attachment-large size-large wp-image-840\" alt=\"\" srcset=\"https:\/\/matelasdoolee.com\/wp-content\/uploads\/2025\/11\/600x300-1024x512.jpg 1024w, https:\/\/matelasdoolee.com\/wp-content\/uploads\/2025\/11\/600x300-300x150.jpg 300w, https:\/\/matelasdoolee.com\/wp-content\/uploads\/2025\/11\/600x300-768x384.jpg 768w, https:\/\/matelasdoolee.com\/wp-content\/uploads\/2025\/11\/600x300-1536x768.jpg 1536w, https:\/\/matelasdoolee.com\/wp-content\/uploads\/2025\/11\/600x300-2048x1024.jpg 2048w, https:\/\/matelasdoolee.com\/wp-content\/uploads\/2025\/11\/600x300-18x9.jpg 18w\" sizes=\"(max-width: 1024px) 100vw, 1024px\" \/>\t\t\t\t\t\t\t\t\t\t\t\t\t\t\t<\/div>\n\t\t\t\t<\/div>\n\t\t\t\t\t<\/div>\n\t\t\t\t<\/div>\n\t\t<div class=\"elementor-element elementor-element-e41ea33 e-flex e-con-boxed e-con e-parent\" data-id=\"e41ea33\" data-element_type=\"container\" data-settings=\"{&quot;jet_parallax_layout_list&quot;:[]}\">\n\t\t\t\t\t<div class=\"e-con-inner\">\n\t\t<div class=\"elementor-element elementor-element-2e4ef3d e-con-full e-flex e-con e-child\" data-id=\"2e4ef3d\" data-element_type=\"container\" data-settings=\"{&quot;jet_parallax_layout_list&quot;:[]}\">\n\t\t\t\t<div class=\"elementor-element elementor-element-5ff2d92 elementor-widget elementor-widget-image\" data-id=\"5ff2d92\" data-element_type=\"widget\" data-widget_type=\"image.default\">\n\t\t\t\t\t\t\t\t\t\t\t\t\t\t\t<img loading=\"lazy\" decoding=\"async\" width=\"1024\" height=\"512\" src=\"https:\/\/matelasdoolee.com\/wp-content\/uploads\/2025\/10\/300x600-4-1024x512.jpg\" class=\"attachment-large size-large wp-image-185\" alt=\"\" srcset=\"https:\/\/matelasdoolee.com\/wp-content\/uploads\/2025\/10\/300x600-4-1024x512.jpg 1024w, https:\/\/matelasdoolee.com\/wp-content\/uploads\/2025\/10\/300x600-4-300x150.jpg 300w, https:\/\/matelasdoolee.com\/wp-content\/uploads\/2025\/10\/300x600-4-768x384.jpg 768w, https:\/\/matelasdoolee.com\/wp-content\/uploads\/2025\/10\/300x600-4-1536x768.jpg 1536w, https:\/\/matelasdoolee.com\/wp-content\/uploads\/2025\/10\/300x600-4-2048x1024.jpg 2048w\" sizes=\"(max-width: 1024px) 100vw, 1024px\" \/>\t\t\t\t\t\t\t\t\t\t\t\t\t\t\t<\/div>\n\t\t\t\t<\/div>\n\t\t<div class=\"elementor-element elementor-element-970793c e-con-full e-flex e-con e-child\" data-id=\"970793c\" data-element_type=\"container\" data-settings=\"{&quot;jet_parallax_layout_list&quot;:[]}\">\n\t\t\t\t<div class=\"elementor-element elementor-element-0b349f8 elementor-widget elementor-widget-text-editor\" data-id=\"0b349f8\" data-element_type=\"widget\" data-widget_type=\"text-editor.default\">\n\t\t\t\t\t\t\t\t\t<p>We don\u2019t just produce mattresses: we create quality, comfort, and, above all, trust.<\/p>\t\t\t\t\t\t\t\t<\/div>\n\t\t\t\t<\/div>\n\t\t\t\t\t<\/div>\n\t\t\t\t<\/div>\n\t\t<div class=\"elementor-element elementor-element-5cd0e35 e-con-full e-flex e-con e-parent\" data-id=\"5cd0e35\" data-element_type=\"container\" data-settings=\"{&quot;background_background&quot;:&quot;classic&quot;,&quot;jet_parallax_layout_list&quot;:[]}\">\n\t\t\t\t<\/div>\n\t\t\t\t<\/div>","protected":false},"excerpt":{"rendered":"<p>NOTRE HISTOIRE Sipaco, entreprise familiale fond\u00e9e en 2004 par Wael Ghandour, a cr\u00e9\u00e9 la marque Doolee, d\u00e9di\u00e9e aux matelas con\u00e7us [&hellip;]<\/p>","protected":false},"author":1,"featured_media":0,"parent":0,"menu_order":0,"comment_status":"closed","ping_status":"closed","template":"","meta":{"_uag_custom_page_level_css":"","site-sidebar-layout":"no-sidebar","site-content-layout":"","ast-site-content-layout":"full-width-container","site-content-style":"default","site-sidebar-style":"default","ast-global-header-display":"","ast-banner-title-visibility":"","ast-main-header-display":"","ast-hfb-above-header-display":"","ast-hfb-below-header-display":"","ast-hfb-mobile-header-display":"","site-post-title":"disabled","ast-breadcrumbs-content":"","ast-featured-img":"disabled","footer-sml-layout":"","theme-transparent-header-meta":"","adv-header-id-meta":"","stick-header-meta":"","header-above-stick-meta":"","header-main-stick-meta":"","header-below-stick-meta":"","astra-migrate-meta-layouts":"default","ast-page-background-enabled":"default","ast-page-background-meta":{"desktop":{"background-color":"var(--ast-global-color-5)","background-image":"","background-repeat":"repeat","background-position":"center center","background-size":"auto","background-attachment":"scroll","background-type":"","background-media":"","overlay-type":"","overlay-color":"","overlay-opacity":"","overlay-gradient":""},"tablet":{"background-color":"","background-image":"","background-repeat":"repeat","background-position":"center center","background-size":"auto","background-attachment":"scroll","background-type":"","background-media":"","overlay-type":"","overlay-color":"","overlay-opacity":"","overlay-gradient":""},"mobile":{"background-color":"","background-image":"","background-repeat":"repeat","background-position":"center center","background-size":"auto","background-attachment":"scroll","background-type":"","background-media":"","overlay-type":"","overlay-color":"","overlay-opacity":"","overlay-gradient":""}},"ast-content-background-meta":{"desktop":{"background-color":"var(--ast-global-color-4)","background-image":"","background-repeat":"repeat","background-position":"center center","background-size":"auto","background-attachment":"scroll","background-type":"","background-media":"","overlay-type":"","overlay-color":"","overlay-opacity":"","overlay-gradient":""},"tablet":{"background-color":"var(--ast-global-color-4)","background-image":"","background-repeat":"repeat","background-position":"center center","background-size":"auto","background-attachment":"scroll","background-type":"","background-media":"","overlay-type":"","overlay-color":"","overlay-opacity":"","overlay-gradient":""},"mobile":{"background-color":"var(--ast-global-color-4)","background-image":"","background-repeat":"repeat","background-position":"center center","background-size":"auto","background-attachment":"scroll","background-type":"","background-media":"","overlay-type":"","overlay-color":"","overlay-opacity":"","overlay-gradient":""}},"footnotes":""},"class_list":["post-164","page","type-page","status-publish","hentry"],"_hostinger_reach_plugin_has_subscription_block":false,"_hostinger_reach_plugin_is_elementor":false,"uagb_featured_image_src":{"full":false,"thumbnail":false,"medium":false,"medium_large":false,"large":false,"1536x1536":false,"2048x2048":false,"trp-custom-language-flag":false},"uagb_author_info":{"display_name":"mohammadnajjarine@gmail.com","author_link":"https:\/\/matelasdoolee.com\/en\/author\/mohammadnajjarinegmail-com\/"},"uagb_comment_info":0,"uagb_excerpt":"NOTRE HISTOIRE Sipaco, entreprise familiale fond\u00e9e en 2004 par Wael Ghandour, a cr\u00e9\u00e9 la marque Doolee, d\u00e9di\u00e9e aux matelas con\u00e7us [&hellip;]","_links":{"self":[{"href":"https:\/\/matelasdoolee.com\/en\/wp-json\/wp\/v2\/pages\/164","targetHints":{"allow":["GET"]}}],"collection":[{"href":"https:\/\/matelasdoolee.com\/en\/wp-json\/wp\/v2\/pages"}],"about":[{"href":"https:\/\/matelasdoolee.com\/en\/wp-json\/wp\/v2\/types\/page"}],"author":[{"embeddable":true,"href":"https:\/\/matelasdoolee.com\/en\/wp-json\/wp\/v2\/users\/1"}],"replies":[{"embeddable":true,"href":"https:\/\/matelasdoolee.com\/en\/wp-json\/wp\/v2\/comments?post=164"}],"version-history":[{"count":39,"href":"https:\/\/matelasdoolee.com\/en\/wp-json\/wp\/v2\/pages\/164\/revisions"}],"predecessor-version":[{"id":846,"href":"https:\/\/matelasdoolee.com\/en\/wp-json\/wp\/v2\/pages\/164\/revisions\/846"}],"wp:attachment":[{"href":"https:\/\/matelasdoolee.com\/en\/wp-json\/wp\/v2\/media?parent=164"}],"curies":[{"name":"wp","href":"https:\/\/api.w.org\/{rel}","templated":true}]}}