{"id":190,"date":"2025-10-20T17:31:33","date_gmt":"2025-10-20T17:31:33","guid":{"rendered":"https:\/\/matelasdoolee.com\/?page_id=190"},"modified":"2025-11-03T20:21:16","modified_gmt":"2025-11-03T20:21:16","slug":"matelas","status":"publish","type":"page","link":"https:\/\/matelasdoolee.com\/en\/matelas\/","title":{"rendered":"MATTRESS"},"content":{"rendered":"<div data-elementor-type=\"wp-page\" data-elementor-id=\"190\" class=\"elementor elementor-190\">\n\t\t\t\t<div class=\"elementor-element elementor-element-73ab78a0 e-con-full e-flex e-con e-parent\" data-id=\"73ab78a0\" data-element_type=\"container\" data-settings=\"{&quot;background_background&quot;:&quot;classic&quot;,&quot;jet_parallax_layout_list&quot;:[]}\">\n\t\t<div class=\"elementor-element elementor-element-5ecfbf7 e-con-full e-flex e-con e-child\" data-id=\"5ecfbf7\" data-element_type=\"container\" data-settings=\"{&quot;jet_parallax_layout_list&quot;:[]}\">\n\t\t\t\t<div class=\"elementor-element elementor-element-155d6f98 elementor-widget elementor-widget-heading\" data-id=\"155d6f98\" data-element_type=\"widget\" data-widget_type=\"heading.default\">\n\t\t\t\t\t<h3 class=\"elementor-heading-title elementor-size-default\"> SLEEP UNDER THE STARS! <\/h3>\t\t\t\t<\/div>\n\t\t\t\t<\/div>\n\t\t\t\t<\/div>\n\t\t<div class=\"elementor-element elementor-element-5a7ba66 e-flex e-con-boxed e-con e-parent\" data-id=\"5a7ba66\" data-element_type=\"container\" data-settings=\"{&quot;jet_parallax_layout_list&quot;:[]}\">\n\t\t\t\t\t<div class=\"e-con-inner\">\n\t\t\t\t<div class=\"elementor-element elementor-element-ed672f7 elementor-widget elementor-widget-heading\" data-id=\"ed672f7\" data-element_type=\"widget\" data-widget_type=\"heading.default\">\n\t\t\t\t\t<h3 class=\"elementor-heading-title elementor-size-default\">OUR PREMIUM HOTEL-QUALITY MATTRESSES\u200b<\/h3>\t\t\t\t<\/div>\n\t\t\t\t<div class=\"elementor-element elementor-element-ab0b1e7 elementor-widget elementor-widget-text-editor\" data-id=\"ab0b1e7\" data-element_type=\"widget\" data-widget_type=\"text-editor.default\">\n\t\t\t\t\t\t\t\t\t<p data-start=\"229\" data-end=\"368\" class=\"translation-block\">Experience the unmatched comfort of Doolee premium mattresses, designed to give you exceptional nights of sleep.\nOur mattresses, worthy of the finest hotels, combine optimal support with absolute softness.<\/p>\t\t\t\t\t\t\t\t<\/div>\n\t\t\t\t\t<\/div>\n\t\t\t\t<\/div>\n\t\t<div class=\"elementor-element elementor-element-9a1f2e9 e-con-full e-flex e-con e-parent\" data-id=\"9a1f2e9\" data-element_type=\"container\" data-settings=\"{&quot;jet_parallax_layout_list&quot;:[]}\">\n\t\t\t\t<div class=\"elementor-element elementor-element-73b05cf elementor-widget-divider--view-line elementor-widget elementor-widget-divider\" data-id=\"73b05cf\" data-element_type=\"widget\" data-widget_type=\"divider.default\">\n\t\t\t\t\t\t\t<div class=\"elementor-divider\">\n\t\t\t<span class=\"elementor-divider-separator\">\n\t\t\t\t\t\t<\/span>\n\t\t<\/div>\n\t\t\t\t\t\t<\/div>\n\t\t\t\t<\/div>\n\t\t<div class=\"elementor-element elementor-element-9faf83f e-con-full e-flex e-con e-parent\" data-id=\"9faf83f\" data-element_type=\"container\" data-settings=\"{&quot;jet_parallax_layout_list&quot;:[]}\">\n\t\t<div class=\"elementor-element elementor-element-7ba95d5 e-con-full e-flex e-con e-child\" data-id=\"7ba95d5\" data-element_type=\"container\" data-settings=\"{&quot;jet_parallax_layout_list&quot;:[]}\">\n\t\t\t\t<div class=\"elementor-element elementor-element-e281d0c elementor-widget elementor-widget-image\" data-id=\"e281d0c\" data-element_type=\"widget\" data-widget_type=\"image.default\">\n\t\t\t\t\t\t\t\t\t\t\t\t\t\t\t<img decoding=\"async\" src=\"https:\/\/matelasdoolee.com\/wp-content\/uploads\/elementor\/thumbs\/Petites-Mains-pour-Haute-Couture-Image-1000x750-1-rdhthochmuqwre52bf04bdbh5c4qpuk7yx8h5545f4.jpg\" title=\"Petites Mains pour Haute Couture Image 1000&#215;750\" alt=\"Petites Mains pour Haute Couture Image 1000x750\" loading=\"lazy\" \/>\t\t\t\t\t\t\t\t\t\t\t\t\t\t\t<\/div>\n\t\t\t\t<\/div>\n\t\t<div class=\"elementor-element elementor-element-9c70a4f e-con-full e-flex e-con e-child\" data-id=\"9c70a4f\" data-element_type=\"container\" data-settings=\"{&quot;jet_parallax_layout_list&quot;:[]}\">\n\t\t\t\t<div class=\"elementor-element elementor-element-5333b23 elementor-widget elementor-widget-heading\" data-id=\"5333b23\" data-element_type=\"widget\" data-widget_type=\"heading.default\">\n\t\t\t\t\t<h3 class=\"elementor-heading-title elementor-size-default\">Skilled Hands, Luxury Craft<\/h3>\t\t\t\t<\/div>\n\t\t\t\t<div class=\"elementor-element elementor-element-6aa36d6 elementor-widget elementor-widget-text-editor\" data-id=\"6aa36d6\" data-element_type=\"widget\" data-widget_type=\"text-editor.default\">\n\t\t\t\t\t\t\t\t\t<p>\u00a0Doolee Mattress meets the most specific expectations because, from its inception, the company chose to embrace \u201cMade in Guinea.\u201d At the origins of Doolee Mattress was a journey across Guinea to identify the best production workshops, prototype testing with design offices, trial and error, and endless restarts. It takes months to find the right solutions and suppliers capable of meeting all the brand\u2019s exacting standards.<\/p>\t\t\t\t\t\t\t\t<\/div>\n\t\t\t\t<\/div>\n\t\t\t\t<\/div>\n\t\t<div class=\"elementor-element elementor-element-5128c8c e-con-full e-flex e-con e-parent\" data-id=\"5128c8c\" data-element_type=\"container\" data-settings=\"{&quot;jet_parallax_layout_list&quot;:[]}\">\n\t\t\t\t<div class=\"elementor-element elementor-element-1e05a41 elementor-widget-divider--view-line elementor-widget elementor-widget-divider\" data-id=\"1e05a41\" data-element_type=\"widget\" data-widget_type=\"divider.default\">\n\t\t\t\t\t\t\t<div class=\"elementor-divider\">\n\t\t\t<span class=\"elementor-divider-separator\">\n\t\t\t\t\t\t<\/span>\n\t\t<\/div>\n\t\t\t\t\t\t<\/div>\n\t\t\t\t<\/div>\n\t\t<div class=\"elementor-element elementor-element-6ddb170 e-flex e-con-boxed e-con e-parent\" data-id=\"6ddb170\" data-element_type=\"container\" data-settings=\"{&quot;jet_parallax_layout_list&quot;:[]}\">\n\t\t\t\t\t<div class=\"e-con-inner\">\n\t\t\t\t<div class=\"elementor-element elementor-element-052feb9 elementor-widget elementor-widget-heading\" data-id=\"052feb9\" data-element_type=\"widget\" data-widget_type=\"heading.default\">\n\t\t\t\t\t<h3 class=\"elementor-heading-title elementor-size-default\">MATTRESS<\/h3>\t\t\t\t<\/div>\n\t\t\t\t\t<\/div>\n\t\t\t\t<\/div>\n\t\t<div class=\"elementor-element elementor-element-d4be7df e-con-full e-flex e-con e-parent\" data-id=\"d4be7df\" data-element_type=\"container\" data-settings=\"{&quot;jet_parallax_layout_list&quot;:[]}\">\n\t\t<div class=\"elementor-element elementor-element-72a0c52 e-con-full e-flex e-con e-child\" data-id=\"72a0c52\" data-element_type=\"container\" data-settings=\"{&quot;jet_parallax_layout_list&quot;:[]}\">\n\t\t\t\t<div class=\"elementor-element elementor-element-fb18766 elementor-position-top elementor-widget elementor-widget-image-box\" data-id=\"fb18766\" data-element_type=\"widget\" data-widget_type=\"image-box.default\">\n\t\t\t\t\t<div class=\"elementor-image-box-wrapper\"><figure class=\"elementor-image-box-img\"><img fetchpriority=\"high\" decoding=\"async\" width=\"800\" height=\"800\" src=\"https:\/\/matelasdoolee.com\/wp-content\/uploads\/2025\/10\/DOOLEE-DEMBAYA.png\" class=\"attachment-large size-large wp-image-194\" alt=\"\" srcset=\"https:\/\/matelasdoolee.com\/wp-content\/uploads\/2025\/10\/DOOLEE-DEMBAYA.png 800w, https:\/\/matelasdoolee.com\/wp-content\/uploads\/2025\/10\/DOOLEE-DEMBAYA-300x300.png 300w, https:\/\/matelasdoolee.com\/wp-content\/uploads\/2025\/10\/DOOLEE-DEMBAYA-150x150.png 150w, https:\/\/matelasdoolee.com\/wp-content\/uploads\/2025\/10\/DOOLEE-DEMBAYA-768x768.png 768w\" sizes=\"(max-width: 800px) 100vw, 800px\" \/><\/figure><div class=\"elementor-image-box-content\"><h3 class=\"elementor-image-box-title\">DOOLEE DEMBAYA<\/h3><p class=\"elementor-image-box-description\"><div style=\"color:#24788E;line-height:1.7;font-size:16px;border:1px solid #e0e0e0;padding:24px;text-align:center;min-height:520px;flex-direction:column;justify-content:flex-start\">\n  <div class=\"translation-block\"><div style=\"color:#24788E;line-height:1.7;font-size:16px;border:1px solid #e0e0e0;padding:24px;text-align:center;min-height:520px;flex-direction:column;justify-content:flex-start\">\n  <div>\n    <strong>THE MATTRESS AT A LOW PRICE FOR UNIQUE COMFORT!<\/strong>\n    <br><br>\n    <strong>DIMENSIONS (CM):<\/strong><br>\n    \u2022 90 \u00d7 190 (Single)<br>\n    \u2022 140 \u00d7 190 (Double)<br>\n    \u2022 160 \u00d7 190 (Queen)<br>\n    \u2022 180 \u00d7 190 (King)<br>\n    \u2022 Custom sizes available\n    <br><br>\n    <strong>THICKNESS (CM):<\/strong> 15, 20, 25, and custom<br>\n    <strong>UPHOLSTERY:<\/strong> Fangny fabric<br>\n    <strong>TYPE OF FOAM:<\/strong> Yellow foam, soft low density\n  <\/div>\n  <div style=\"margin-top:auto\"><\/div>\n<\/div><\/div>\n  <div style=\"margin-top:auto\"><\/div>\n<\/div>\n<\/p><\/div><\/div>\t\t\t\t<\/div>\n\t\t\t\t<\/div>\n\t\t<div class=\"elementor-element elementor-element-6e13059 e-con-full e-flex e-con e-child\" data-id=\"6e13059\" data-element_type=\"container\" data-settings=\"{&quot;jet_parallax_layout_list&quot;:[]}\">\n\t\t\t\t<div class=\"elementor-element elementor-element-e2d3056 elementor-position-top elementor-widget elementor-widget-image-box\" data-id=\"e2d3056\" data-element_type=\"widget\" data-widget_type=\"image-box.default\">\n\t\t\t\t\t<div class=\"elementor-image-box-wrapper\"><figure class=\"elementor-image-box-img\"><img decoding=\"async\" width=\"800\" height=\"800\" src=\"https:\/\/matelasdoolee.com\/wp-content\/uploads\/2025\/10\/DOOLEE-ORTHOPEDIC.png\" class=\"attachment-full size-full wp-image-195\" alt=\"\" srcset=\"https:\/\/matelasdoolee.com\/wp-content\/uploads\/2025\/10\/DOOLEE-ORTHOPEDIC.png 800w, https:\/\/matelasdoolee.com\/wp-content\/uploads\/2025\/10\/DOOLEE-ORTHOPEDIC-300x300.png 300w, https:\/\/matelasdoolee.com\/wp-content\/uploads\/2025\/10\/DOOLEE-ORTHOPEDIC-150x150.png 150w, https:\/\/matelasdoolee.com\/wp-content\/uploads\/2025\/10\/DOOLEE-ORTHOPEDIC-768x768.png 768w\" sizes=\"(max-width: 800px) 100vw, 800px\" \/><\/figure><div class=\"elementor-image-box-content\"><h3 class=\"elementor-image-box-title\"> DOOLEE ORTHOPEDIC<\/h3><p class=\"elementor-image-box-description\"><div style=\"color:#24788E;line-height:1.7;font-size:16px;border:1px solid #e0e0e0;padding:24px;text-align:center;min-height:520px;flex-direction:column;justify-content:flex-start\">\n  <div class=\"translation-block\"><div style=\"color:#24788E;line-height:1.7;font-size:16px;border:1px solid #e0e0e0;padding:24px;text-align:center;min-height:520px;flex-direction:column;justify-content:flex-start\">\n  <div>\n    <strong>THE MATTRESS DESIGNED TO TAKE CARE OF YOUR BODY FOR OPTIMAL COMFORT!<\/strong>\n    <br><br>\n    <strong>DIMENSIONS (CM):<\/strong><br>\n    \u2022 90 \u00d7 190 (Single)<br>\n    \u2022 140 \u00d7 190 (Double)<br>\n    \u2022 160 \u00d7 190 (Queen)<br>\n    \u2022 180 \u00d7 190 (King)<br>\n    \u2022 Custom sizes available\n    <br><br>\n    <strong>THICKNESS (CM):<\/strong> 15, 20, 25, and custom<br>\n    <strong>TYPE OF MATTRESS:<\/strong> Compressed very high-density foam flakes<br>\n    <strong>UPHOLSTERY:<\/strong> Jacquard fabric (LQ); Cashmere fabric (MQ); Aloe Vera fabric (HQ)\n  <\/div>\n  <div style=\"margin-top:auto\"><\/div>\n<\/div><\/div>\n  <div style=\"margin-top:auto\"><\/div>\n<\/div>\n<\/p><\/div><\/div>\t\t\t\t<\/div>\n\t\t\t\t<\/div>\n\t\t<div class=\"elementor-element elementor-element-11ff1d0 e-con-full e-flex e-con e-child\" data-id=\"11ff1d0\" data-element_type=\"container\" data-settings=\"{&quot;jet_parallax_layout_list&quot;:[]}\">\n\t\t\t\t<div class=\"elementor-element elementor-element-9b44007 elementor-position-top elementor-widget elementor-widget-image-box\" data-id=\"9b44007\" data-element_type=\"widget\" data-widget_type=\"image-box.default\">\n\t\t\t\t\t<div class=\"elementor-image-box-wrapper\"><figure class=\"elementor-image-box-img\"><img decoding=\"async\" width=\"800\" height=\"800\" src=\"https:\/\/matelasdoolee.com\/wp-content\/uploads\/2025\/10\/DOOLEE-GADALA.png\" class=\"attachment-full size-full wp-image-196\" alt=\"\" srcset=\"https:\/\/matelasdoolee.com\/wp-content\/uploads\/2025\/10\/DOOLEE-GADALA.png 800w, https:\/\/matelasdoolee.com\/wp-content\/uploads\/2025\/10\/DOOLEE-GADALA-300x300.png 300w, https:\/\/matelasdoolee.com\/wp-content\/uploads\/2025\/10\/DOOLEE-GADALA-150x150.png 150w, https:\/\/matelasdoolee.com\/wp-content\/uploads\/2025\/10\/DOOLEE-GADALA-768x768.png 768w\" sizes=\"(max-width: 800px) 100vw, 800px\" \/><\/figure><div class=\"elementor-image-box-content\"><h3 class=\"elementor-image-box-title\"> DOOLEE GADALA<\/h3><p class=\"elementor-image-box-description\"><div style=\"color:#24788E;line-height:1.7;font-size:16px;border:1px solid #e0e0e0;padding:24px;text-align:center;min-height:520px;flex-direction:column;justify-content:flex-start\">\n  <div class=\"translation-block\"><div style=\"color:#24788E;line-height:1.7;font-size:16px;border:1px solid #e0e0e0;padding:24px;text-align:center;min-height:520px;flex-direction:column;justify-content:flex-start\">\n  <div>\n    <strong>THE MATTRESS THAT GIVES YOU THE BEST SUPPORT THANKS TO ITS UNIQUE FIRMNESS!<\/strong>\n    <br><br>\n    <strong>DIMENSIONS (CM):<\/strong><br>\n    \u2022 90 \u00d7 190 (Single)<br>\n    \u2022 140 \u00d7 190 (Double)<br>\n    \u2022 160 \u00d7 190 (Queen)<br>\n    \u2022 180 \u00d7 190 (King)<br>\n    \u2022 Custom sizes available\n    <br><br>\n    <strong>THICKNESS (CM):<\/strong> 15, 20, 25, and custom<br>\n    <strong>TYPE OF FOAM:<\/strong> Rigid high-density blue foam<br>\n    <strong>UPHOLSTERY:<\/strong> Fangny fabric\n  <\/div>\n  <div style=\"margin-top:auto\"><\/div>\n<\/div><\/div>\n  <div style=\"margin-top:auto\"><\/div>\n<\/div>\n<\/p><\/div><\/div>\t\t\t\t<\/div>\n\t\t\t\t<\/div>\n\t\t\t\t<\/div>\n\t\t<div class=\"elementor-element elementor-element-581a1b1 e-con-full e-flex e-con e-parent\" data-id=\"581a1b1\" data-element_type=\"container\" data-settings=\"{&quot;jet_parallax_layout_list&quot;:[]}\">\n\t\t<div class=\"elementor-element elementor-element-467e80a e-con-full e-flex e-con e-child\" data-id=\"467e80a\" data-element_type=\"container\" data-settings=\"{&quot;jet_parallax_layout_list&quot;:[]}\">\n\t\t\t\t<div class=\"elementor-element elementor-element-d601039 elementor-position-top elementor-widget elementor-widget-image-box\" data-id=\"d601039\" data-element_type=\"widget\" data-widget_type=\"image-box.default\">\n\t\t\t\t\t<div class=\"elementor-image-box-wrapper\"><figure class=\"elementor-image-box-img\"><img loading=\"lazy\" decoding=\"async\" width=\"800\" height=\"800\" src=\"https:\/\/matelasdoolee.com\/wp-content\/uploads\/2025\/10\/DOOLEE-Spring.png\" class=\"attachment-full size-full wp-image-197\" alt=\"\" srcset=\"https:\/\/matelasdoolee.com\/wp-content\/uploads\/2025\/10\/DOOLEE-Spring.png 800w, https:\/\/matelasdoolee.com\/wp-content\/uploads\/2025\/10\/DOOLEE-Spring-300x300.png 300w, https:\/\/matelasdoolee.com\/wp-content\/uploads\/2025\/10\/DOOLEE-Spring-150x150.png 150w, https:\/\/matelasdoolee.com\/wp-content\/uploads\/2025\/10\/DOOLEE-Spring-768x768.png 768w\" sizes=\"(max-width: 800px) 100vw, 800px\" \/><\/figure><div class=\"elementor-image-box-content\"><h3 class=\"elementor-image-box-title\"> DOOLEE SPRING<\/h3><p class=\"elementor-image-box-description\"><div style=\"color:#24788E;line-height:1.7;font-size:16px;border:1px solid #e0e0e0;padding:24px;text-align:center;min-height:520px;flex-direction:column;justify-content:flex-start\">\n  <div class=\"translation-block\"><div style=\"color:#24788E;line-height:1.7;font-size:16px;border:1px solid #e0e0e0;padding:24px;text-align:center;min-height:520px;flex-direction:column;justify-content:flex-start\">\n  <div>\n    <strong>THE MATTRESS FOR UNPARALLELED AND FLEXIBLE SUPPORT FOR A RESTFUL SLEEP!<\/strong>\n    <br><br><br>\n    <strong>DIMENSIONS (CM):<\/strong><br>\n    \u2022 90 \u00d7 190 (Single)<br>\n    \u2022 140 \u00d7 190 (Double)<br>\n    \u2022 160 \u00d7 190 (Queen)<br>\n    \u2022 180 \u00d7 190 (King)<br>\n    \u2022 Custom sizes available\n    <br><br>\n    <strong>THICKNESS (CM):<\/strong> 15, 20, 25, and custom<br>\n    <strong>TYPE OF MATTRESS:<\/strong> Spring and very high-density foam<br>\n    <strong>UPHOLSTERY:<\/strong> Jacquard fabric (LQ); Cashmere fabric (MQ); Aloe Vera fabric (HQ)\n  <\/div>\n  <div style=\"margin-top:auto\"><\/div>\n<\/div><\/div>\n  <div style=\"margin-top:auto\"><\/div>\n<\/div>\n<\/p><\/div><\/div>\t\t\t\t<\/div>\n\t\t\t\t<\/div>\n\t\t<div class=\"elementor-element elementor-element-3894435 e-con-full e-flex e-con e-child\" data-id=\"3894435\" data-element_type=\"container\" data-settings=\"{&quot;jet_parallax_layout_list&quot;:[]}\">\n\t\t\t\t<div class=\"elementor-element elementor-element-1b1981e elementor-position-top elementor-widget elementor-widget-image-box\" data-id=\"1b1981e\" data-element_type=\"widget\" data-widget_type=\"image-box.default\">\n\t\t\t\t\t<div class=\"elementor-image-box-wrapper\"><figure class=\"elementor-image-box-img\"><img loading=\"lazy\" decoding=\"async\" width=\"800\" height=\"800\" src=\"https:\/\/matelasdoolee.com\/wp-content\/uploads\/2025\/10\/DOOLEE-ADOUNA.png\" class=\"attachment-full size-full wp-image-198\" alt=\"\" srcset=\"https:\/\/matelasdoolee.com\/wp-content\/uploads\/2025\/10\/DOOLEE-ADOUNA.png 800w, https:\/\/matelasdoolee.com\/wp-content\/uploads\/2025\/10\/DOOLEE-ADOUNA-300x300.png 300w, https:\/\/matelasdoolee.com\/wp-content\/uploads\/2025\/10\/DOOLEE-ADOUNA-150x150.png 150w, https:\/\/matelasdoolee.com\/wp-content\/uploads\/2025\/10\/DOOLEE-ADOUNA-768x768.png 768w\" sizes=\"(max-width: 800px) 100vw, 800px\" \/><\/figure><div class=\"elementor-image-box-content\"><h3 class=\"elementor-image-box-title\"> DOOLEE ADOUNA<\/h3><p class=\"elementor-image-box-description\"><div style=\"color:#24788E;line-height:1.7;font-size:16px;border:1px solid #e0e0e0;padding:24px;text-align:center;min-height:520px;flex-direction:column;justify-content:flex-start\">\n  <div class=\"translation-block\"><div style=\"color:#24788E;line-height:1.7;font-size:16px;border:1px solid #e0e0e0;padding:24px;text-align:center;min-height:520px;flex-direction:column;justify-content:flex-start\">\n  <div>\n    <strong>THE MATTRESS WITH UNPARALLELED COMFORT GUARANTEED TO LAST. PROVIDES A VERY FIRM AND COMFORTABLE HOLD!<\/strong>\n    <br><br>\n    <strong>DIMENSIONS (CM):<\/strong><br>\n    \u2022 90 \u00d7 190 (Single)<br>\n    \u2022 140 \u00d7 190 (Double)<br>\n    \u2022 160 \u00d7 190 (Queen)<br>\n    \u2022 180 \u00d7 190 (King)<br>\n    \u2022 Custom sizes available\n    <br><br>\n    <strong>THICKNESS (CM):<\/strong> 15, 20, 25, and custom<br>\n    <strong>TYPE OF FOAM:<\/strong> Very high-density red foam<br>\n    <strong>UPHOLSTERY:<\/strong> Fangny fabric; Jacquard fabric\n  <\/div>\n  <div style=\"margin-top:auto\"><\/div>\n<\/div><\/div>\n  <div style=\"margin-top:auto\"><\/div>\n<\/div>\n<\/p><\/div><\/div>\t\t\t\t<\/div>\n\t\t\t\t<\/div>\n\t\t<div class=\"elementor-element elementor-element-d98dc3f e-con-full e-flex e-con e-child\" data-id=\"d98dc3f\" data-element_type=\"container\" data-settings=\"{&quot;jet_parallax_layout_list&quot;:[]}\">\n\t\t\t\t<\/div>\n\t\t\t\t<\/div>\n\t\t\t\t<\/div>","protected":false},"excerpt":{"rendered":"<p>COMPTE LES \u00c9TOILES Nos matelas haut de gamme de qualit\u00e9 h\u00f4tel Offrez-vous le confort incomparable des matelas haut de gamme [&hellip;]<\/p>","protected":false},"author":1,"featured_media":0,"parent":0,"menu_order":0,"comment_status":"closed","ping_status":"closed","template":"","meta":{"_uag_custom_page_level_css":"","site-sidebar-layout":"no-sidebar","site-content-layout":"","ast-site-content-layout":"full-width-container","site-content-style":"default","site-sidebar-style":"default","ast-global-header-display":"","ast-banner-title-visibility":"","ast-main-header-display":"","ast-hfb-above-header-display":"","ast-hfb-below-header-display":"","ast-hfb-mobile-header-display":"","site-post-title":"disabled","ast-breadcrumbs-content":"","ast-featured-img":"disabled","footer-sml-layout":"","theme-transparent-header-meta":"","adv-header-id-meta":"","stick-header-meta":"","header-above-stick-meta":"","header-main-stick-meta":"","header-below-stick-meta":"","astra-migrate-meta-layouts":"default","ast-page-background-enabled":"default","ast-page-background-meta":{"desktop":{"background-color":"var(--ast-global-color-5)","background-image":"","background-repeat":"repeat","background-position":"center center","background-size":"auto","background-attachment":"scroll","background-type":"","background-media":"","overlay-type":"","overlay-color":"","overlay-opacity":"","overlay-gradient":""},"tablet":{"background-color":"","background-image":"","background-repeat":"repeat","background-position":"center center","background-size":"auto","background-attachment":"scroll","background-type":"","background-media":"","overlay-type":"","overlay-color":"","overlay-opacity":"","overlay-gradient":""},"mobile":{"background-color":"","background-image":"","background-repeat":"repeat","background-position":"center center","background-size":"auto","background-attachment":"scroll","background-type":"","background-media":"","overlay-type":"","overlay-color":"","overlay-opacity":"","overlay-gradient":""}},"ast-content-background-meta":{"desktop":{"background-color":"var(--ast-global-color-4)","background-image":"","background-repeat":"repeat","background-position":"center center","background-size":"auto","background-attachment":"scroll","background-type":"","background-media":"","overlay-type":"","overlay-color":"","overlay-opacity":"","overlay-gradient":""},"tablet":{"background-color":"var(--ast-global-color-4)","background-image":"","background-repeat":"repeat","background-position":"center center","background-size":"auto","background-attachment":"scroll","background-type":"","background-media":"","overlay-type":"","overlay-color":"","overlay-opacity":"","overlay-gradient":""},"mobile":{"background-color":"var(--ast-global-color-4)","background-image":"","background-repeat":"repeat","background-position":"center center","background-size":"auto","background-attachment":"scroll","background-type":"","background-media":"","overlay-type":"","overlay-color":"","overlay-opacity":"","overlay-gradient":""}},"footnotes":""},"class_list":["post-190","page","type-page","status-publish","hentry"],"_hostinger_reach_plugin_has_subscription_block":false,"_hostinger_reach_plugin_is_elementor":false,"uagb_featured_image_src":{"full":false,"thumbnail":false,"medium":false,"medium_large":false,"large":false,"1536x1536":false,"2048x2048":false,"trp-custom-language-flag":false},"uagb_author_info":{"display_name":"mohammadnajjarine@gmail.com","author_link":"https:\/\/matelasdoolee.com\/en\/author\/mohammadnajjarinegmail-com\/"},"uagb_comment_info":0,"uagb_excerpt":"COMPTE LES \u00c9TOILES Nos matelas haut de gamme de qualit\u00e9 h\u00f4tel Offrez-vous le confort incomparable des matelas haut de gamme [&hellip;]","_links":{"self":[{"href":"https:\/\/matelasdoolee.com\/en\/wp-json\/wp\/v2\/pages\/190","targetHints":{"allow":["GET"]}}],"collection":[{"href":"https:\/\/matelasdoolee.com\/en\/wp-json\/wp\/v2\/pages"}],"about":[{"href":"https:\/\/matelasdoolee.com\/en\/wp-json\/wp\/v2\/types\/page"}],"author":[{"embeddable":true,"href":"https:\/\/matelasdoolee.com\/en\/wp-json\/wp\/v2\/users\/1"}],"replies":[{"embeddable":true,"href":"https:\/\/matelasdoolee.com\/en\/wp-json\/wp\/v2\/comments?post=190"}],"version-history":[{"count":80,"href":"https:\/\/matelasdoolee.com\/en\/wp-json\/wp\/v2\/pages\/190\/revisions"}],"predecessor-version":[{"id":708,"href":"https:\/\/matelasdoolee.com\/en\/wp-json\/wp\/v2\/pages\/190\/revisions\/708"}],"wp:attachment":[{"href":"https:\/\/matelasdoolee.com\/en\/wp-json\/wp\/v2\/media?parent=190"}],"curies":[{"name":"wp","href":"https:\/\/api.w.org\/{rel}","templated":true}]}}