{"id":250,"date":"2025-10-20T18:17:09","date_gmt":"2025-10-20T18:17:09","guid":{"rendered":"https:\/\/matelasdoolee.com\/?page_id=250"},"modified":"2025-11-07T19:15:14","modified_gmt":"2025-11-07T19:15:14","slug":"nos-engagements","status":"publish","type":"page","link":"https:\/\/matelasdoolee.com\/en\/nos-engagements\/","title":{"rendered":"OUR ENGAGEMENTS"},"content":{"rendered":"<div data-elementor-type=\"wp-page\" data-elementor-id=\"250\" class=\"elementor elementor-250\">\n\t\t\t\t<div class=\"elementor-element elementor-element-49ee3126 e-con-full e-flex e-con e-parent\" data-id=\"49ee3126\" data-element_type=\"container\" data-settings=\"{&quot;background_background&quot;:&quot;classic&quot;,&quot;jet_parallax_layout_list&quot;:[]}\">\n\t\t<div class=\"elementor-element elementor-element-22b1e88 e-con-full e-flex e-con e-child\" data-id=\"22b1e88\" data-element_type=\"container\" data-settings=\"{&quot;jet_parallax_layout_list&quot;:[]}\">\n\t\t\t\t<div class=\"elementor-element elementor-element-33d9ccc4 elementor-widget elementor-widget-heading\" data-id=\"33d9ccc4\" data-element_type=\"widget\" data-widget_type=\"heading.default\">\n\t\t\t\t\t<h3 class=\"elementor-heading-title elementor-size-default\"> WHAT IF SLEEPING AT HOME FELT LIKE STAYING IN A HOTEL?<\/h3>\t\t\t\t<\/div>\n\t\t\t\t<\/div>\n\t\t\t\t<\/div>\n\t\t<div class=\"elementor-element elementor-element-d52b826 e-flex e-con-boxed e-con e-parent\" data-id=\"d52b826\" data-element_type=\"container\" data-settings=\"{&quot;jet_parallax_layout_list&quot;:[]}\">\n\t\t\t\t\t<div class=\"e-con-inner\">\n\t\t<div class=\"elementor-element elementor-element-bb8f71b e-con-full e-flex e-con e-child\" data-id=\"bb8f71b\" data-element_type=\"container\" data-settings=\"{&quot;jet_parallax_layout_list&quot;:[]}\">\n\t\t\t\t<div class=\"elementor-element elementor-element-d47b43f elementor-widget elementor-widget-html\" data-id=\"d47b43f\" data-element_type=\"widget\" data-widget_type=\"html.default\">\n\t\t\t\t\t<div style=\"color:#24788E; max-width:900px; margin:0 auto; line-height:1.8;\">\r\n  <h3 style=\"letter-spacing:1px; font-size:28px; margin:0 0 10px;\">OUR ENGAGEMENTS<\/h3>\r\n\r\n  <h4 style=\"font-size:20px; margin:18px 0 8px;\">1. Quality &amp; Craftsmanship<\/h4>\r\n  <ul style=\"margin:0 0 14px 18px; color:#000;\">\r\n    <li>100% Made in Guinea with expertise inspired by international standards.<\/li>\r\n    <li>Use of durable, comfortable, and safe materials.<\/li>\r\n    <li>Strict quality checks at every stage of production.<\/li>\r\n  <\/ul>\r\n\r\n  <h4 style=\"font-size:20px; margin:18px 0 8px;\">2. Lasting Comfort<\/h4>\r\n  <ul style=\"margin:0 0 14px 18px; color:#000;\">\r\n    <li>Designed for restorative sleep and optimal support.<\/li>\r\n    <li>Technologies suitable for all sleepers (memory foam, pocket springs, etc.).<\/li>\r\n    <li>Product warranties to ensure peace of mind.<\/li>\r\n  <\/ul>\r\n\r\n  <h4 style=\"font-size:20px; margin:18px 0 8px;\">3. Environmental Responsibility<\/h4>\r\n  <ul style=\"margin:0 0 14px 18px; color:#000;\">\r\n    <li>Selection of eco-friendly materials.<\/li>\r\n    <li>Reduction of waste during manufacturing.<\/li>\r\n    <li>Commitment to more sustainable production processes.<\/li>\r\n  <\/ul>\r\n\r\n  <h4 style=\"font-size:20px; margin:18px 0 8px;\">4. Local Engagement<\/h4>\r\n  <ul style=\"margin:0 0 14px 18px; color:#000;\">\r\n    <li>Local production to support Guinea\u2019s economy.<\/li>\r\n    <li>Job creation and talent development.<\/li>\r\n    <li>Contribution to promoting national craftsmanship.<\/li>\r\n  <\/ul>\r\n\r\n  <h4 style=\"font-size:20px; margin:18px 0 8px;\">5. Customer Satisfaction<\/h4>\r\n  <ul style=\"margin:0 0 0 18px; color:#000;\">\r\n    <li>Personalized guidance before and after purchase.<\/li>\r\n    <li>Clear exchange and return policy.<\/li>\r\n    <li>Responsive customer service.<\/li>\r\n  <\/ul>\r\n<\/div>\r\n\t\t\t\t<\/div>\n\t\t\t\t<\/div>\n\t\t<div class=\"elementor-element elementor-element-aaf000f e-con-full e-flex e-con e-child\" data-id=\"aaf000f\" data-element_type=\"container\" data-settings=\"{&quot;jet_parallax_layout_list&quot;:[]}\">\n\t\t<div class=\"elementor-element elementor-element-98fed91 e-con-full e-flex e-con e-child\" data-id=\"98fed91\" data-element_type=\"container\" data-settings=\"{&quot;jet_parallax_layout_list&quot;:[]}\">\n\t\t\t\t<div class=\"elementor-element elementor-element-3d30919 elementor-widget elementor-widget-image\" data-id=\"3d30919\" data-element_type=\"widget\" data-widget_type=\"image.default\">\n\t\t\t\t\t\t\t\t\t\t\t\t\t\t\t<img decoding=\"async\" src=\"https:\/\/matelasdoolee.com\/wp-content\/uploads\/elementor\/thumbs\/200x150-02-rdhw3cxdkk5kwhvlurwz4bwycythefbv6cvyto5g40.jpg\" title=\"200&#215;150-02\" alt=\"200x150-02\" loading=\"lazy\" \/>\t\t\t\t\t\t\t\t\t\t\t\t\t\t\t<\/div>\n\t\t\t\t<\/div>\n\t\t<div class=\"elementor-element elementor-element-b803b8e e-con-full elementor-hidden-tablet elementor-hidden-mobile e-flex e-con e-child\" data-id=\"b803b8e\" data-element_type=\"container\" data-settings=\"{&quot;jet_parallax_layout_list&quot;:[]}\">\n\t\t\t\t<div class=\"elementor-element elementor-element-26c4915 elementor-widget elementor-widget-image\" data-id=\"26c4915\" data-element_type=\"widget\" data-widget_type=\"image.default\">\n\t\t\t\t\t\t\t\t\t\t\t\t\t\t\t<img decoding=\"async\" src=\"https:\/\/matelasdoolee.com\/wp-content\/uploads\/elementor\/thumbs\/200x150-01-rdhw6gs65uepa3d4pm9kv1ot1ti5uenx9qiqxljljk.jpg\" title=\"200&#215;150-01\" alt=\"200x150-01\" loading=\"lazy\" \/>\t\t\t\t\t\t\t\t\t\t\t\t\t\t\t<\/div>\n\t\t\t\t<\/div>\n\t\t<div class=\"elementor-element elementor-element-c51459e e-con-full elementor-hidden-tablet elementor-hidden-mobile e-flex e-con e-child\" data-id=\"c51459e\" data-element_type=\"container\" data-settings=\"{&quot;jet_parallax_layout_list&quot;:[]}\">\n\t\t\t\t<div class=\"elementor-element elementor-element-5d93af3 elementor-widget elementor-widget-image\" data-id=\"5d93af3\" data-element_type=\"widget\" data-widget_type=\"image.default\">\n\t\t\t\t\t\t\t\t\t\t\t\t\t\t\t<img decoding=\"async\" src=\"https:\/\/matelasdoolee.com\/wp-content\/uploads\/elementor\/thumbs\/200x150-03-rdhw7l78bpy15bqf5lqjc9hmldyy1e4drakmkhvo40.jpg\" title=\"200&#215;150-03\" alt=\"200x150-03\" loading=\"lazy\" \/>\t\t\t\t\t\t\t\t\t\t\t\t\t\t\t<\/div>\n\t\t\t\t<\/div>\n\t\t\t\t<\/div>\n\t\t\t\t\t<\/div>\n\t\t\t\t<\/div>\n\t\t\t\t<\/div>","protected":false},"excerpt":{"rendered":"<p>ET SI VOUS DORMIEZ CHEZ VOUS COMME \u00c0 L\u2019H\u00d4TEL ? NOS ENGAGEMENTS 1. Qualit\u00e9 et savoir-faire 100 % fabriqu\u00e9 en [&hellip;]<\/p>","protected":false},"author":1,"featured_media":0,"parent":0,"menu_order":0,"comment_status":"closed","ping_status":"closed","template":"","meta":{"_uag_custom_page_level_css":"","site-sidebar-layout":"no-sidebar","site-content-layout":"","ast-site-content-layout":"full-width-container","site-content-style":"default","site-sidebar-style":"default","ast-global-header-display":"","ast-banner-title-visibility":"","ast-main-header-display":"","ast-hfb-above-header-display":"","ast-hfb-below-header-display":"","ast-hfb-mobile-header-display":"","site-post-title":"disabled","ast-breadcrumbs-content":"","ast-featured-img":"disabled","footer-sml-layout":"","theme-transparent-header-meta":"","adv-header-id-meta":"","stick-header-meta":"","header-above-stick-meta":"","header-main-stick-meta":"","header-below-stick-meta":"","astra-migrate-meta-layouts":"default","ast-page-background-enabled":"default","ast-page-background-meta":{"desktop":{"background-color":"var(--ast-global-color-5)","background-image":"","background-repeat":"repeat","background-position":"center center","background-size":"auto","background-attachment":"scroll","background-type":"","background-media":"","overlay-type":"","overlay-color":"","overlay-opacity":"","overlay-gradient":""},"tablet":{"background-color":"","background-image":"","background-repeat":"repeat","background-position":"center center","background-size":"auto","background-attachment":"scroll","background-type":"","background-media":"","overlay-type":"","overlay-color":"","overlay-opacity":"","overlay-gradient":""},"mobile":{"background-color":"","background-image":"","background-repeat":"repeat","background-position":"center center","background-size":"auto","background-attachment":"scroll","background-type":"","background-media":"","overlay-type":"","overlay-color":"","overlay-opacity":"","overlay-gradient":""}},"ast-content-background-meta":{"desktop":{"background-color":"var(--ast-global-color-4)","background-image":"","background-repeat":"repeat","background-position":"center center","background-size":"auto","background-attachment":"scroll","background-type":"","background-media":"","overlay-type":"","overlay-color":"","overlay-opacity":"","overlay-gradient":""},"tablet":{"background-color":"var(--ast-global-color-4)","background-image":"","background-repeat":"repeat","background-position":"center center","background-size":"auto","background-attachment":"scroll","background-type":"","background-media":"","overlay-type":"","overlay-color":"","overlay-opacity":"","overlay-gradient":""},"mobile":{"background-color":"var(--ast-global-color-4)","background-image":"","background-repeat":"repeat","background-position":"center center","background-size":"auto","background-attachment":"scroll","background-type":"","background-media":"","overlay-type":"","overlay-color":"","overlay-opacity":"","overlay-gradient":""}},"footnotes":""},"class_list":["post-250","page","type-page","status-publish","hentry"],"_hostinger_reach_plugin_has_subscription_block":false,"_hostinger_reach_plugin_is_elementor":false,"uagb_featured_image_src":{"full":false,"thumbnail":false,"medium":false,"medium_large":false,"large":false,"1536x1536":false,"2048x2048":false,"trp-custom-language-flag":false},"uagb_author_info":{"display_name":"mohammadnajjarine@gmail.com","author_link":"https:\/\/matelasdoolee.com\/en\/author\/mohammadnajjarinegmail-com\/"},"uagb_comment_info":0,"uagb_excerpt":"ET SI VOUS DORMIEZ CHEZ VOUS COMME \u00c0 L\u2019H\u00d4TEL ? NOS ENGAGEMENTS 1. Qualit\u00e9 et savoir-faire 100 % fabriqu\u00e9 en [&hellip;]","_links":{"self":[{"href":"https:\/\/matelasdoolee.com\/en\/wp-json\/wp\/v2\/pages\/250","targetHints":{"allow":["GET"]}}],"collection":[{"href":"https:\/\/matelasdoolee.com\/en\/wp-json\/wp\/v2\/pages"}],"about":[{"href":"https:\/\/matelasdoolee.com\/en\/wp-json\/wp\/v2\/types\/page"}],"author":[{"embeddable":true,"href":"https:\/\/matelasdoolee.com\/en\/wp-json\/wp\/v2\/users\/1"}],"replies":[{"embeddable":true,"href":"https:\/\/matelasdoolee.com\/en\/wp-json\/wp\/v2\/comments?post=250"}],"version-history":[{"count":17,"href":"https:\/\/matelasdoolee.com\/en\/wp-json\/wp\/v2\/pages\/250\/revisions"}],"predecessor-version":[{"id":852,"href":"https:\/\/matelasdoolee.com\/en\/wp-json\/wp\/v2\/pages\/250\/revisions\/852"}],"wp:attachment":[{"href":"https:\/\/matelasdoolee.com\/en\/wp-json\/wp\/v2\/media?parent=250"}],"curies":[{"name":"wp","href":"https:\/\/api.w.org\/{rel}","templated":true}]}}